{"id":251,"date":"2019-01-05T18:54:29","date_gmt":"2019-01-05T17:54:29","guid":{"rendered":"http:\/\/dobojskioglasi.com\/opstina\/?page_id=251"},"modified":"2019-09-10T19:46:17","modified_gmt":"2019-09-10T18:46:17","slug":"gradovi-pobratimi","status":"publish","type":"page","link":"https:\/\/doboj.gov.ba\/bs\/doboj\/gradovi-pobratimi\/","title":{"rendered":"Gradovi pobratimi"},"content":{"rendered":"\n<p>Doboj se mo\u017ee pohvaliti saradnjom i povezano\u0161\u0107u sa velikim brojem gradova i op\u0161tina, bez obzira da li se radi o inostranim ili doma\u0107im. Neke od tih veza su tokom vremena i formalizovane kroz bratimljenja i ugovore o saradnji.<\/p>\n\n\n\n<hr class=\"wp-block-separator\"\/>\n\n\n\n<h4 class=\"has-medium-font-size wp-block-heading\">Celje<\/h4>\n\n\n\n<div class=\"wp-block-image\"><figure class=\"aligncenter is-resized\"><img loading=\"lazy\" decoding=\"async\" src=\"https:\/\/doboj.gov.ba\/wp-content\/uploads\/2019\/02\/Celje-transparent-1024x375.png\" alt=\"logo-mestna-ob\u010dina-celje\" class=\"wp-image-2462\" width=\"256\" height=\"94\" srcset=\"https:\/\/doboj.gov.ba\/wp-content\/uploads\/2019\/02\/Celje-transparent-1024x375.png 1024w, https:\/\/doboj.gov.ba\/wp-content\/uploads\/2019\/02\/Celje-transparent-600x219.png 600w, https:\/\/doboj.gov.ba\/wp-content\/uploads\/2019\/02\/Celje-transparent-768x281.png 768w, https:\/\/doboj.gov.ba\/wp-content\/uploads\/2019\/02\/Celje-transparent.png 1252w\" sizes=\"auto, (max-width: 256px) 100vw, 256px\" \/><figcaption>Op\u0161tina Celje, Republika Slovenija<\/figcaption><\/figure><\/div>\n\n\n\n<p>Grad Celje je smje\u0161ten u sredi\u0161njem dijelu Slovenije, 70 km sjeveroisto\u010dno od prestonice Ljubljane. Celje je \u010detvrti po veli\u010dini grad u Sloveniji i najva\u017enije naselje Savinjske regije, kao i upravno sredi\u0161te istoimene op\u0161tine Celje. Op\u0161tine Celje i Doboj su bratimljene jo\u0161 od 1965. godine. Ta povezanost se iskazala tokom katastrofalnih poplava 2014. godine, kada je Celje nesebi\u010dno priteklo u pomo\u0107 Dobojlijama, daju\u0107i pomo\u0107 u ljudstvu, novcu i materijalnim sredstvima.<\/p>\n\n\n\n<hr class=\"wp-block-separator\"\/>\n\n\n\n<h4 class=\"has-medium-font-size wp-block-heading\">\u0106uprija<figure><img loading=\"lazy\" decoding=\"async\" class=\"wp-image-2466\" src=\"http:\/\/doboj.gov.ba\/opstina\/wp-content\/uploads\/2019\/02\/cuprija-grb-veci.png\" alt=\"\" width=\"150\" height=\"180\"><\/figure><\/h4>\n\n\n\n<div class=\"wp-block-image\"><figure class=\"aligncenter is-resized\"><img loading=\"lazy\" decoding=\"async\" src=\"https:\/\/doboj.gov.ba\/wp-content\/uploads\/2019\/02\/cuprija-grb-veci-300x300.png\" alt=\"Grb op\u0161tine \u0106uprija.\" class=\"wp-image-2466\" width=\"150\" height=\"150\"\/><figcaption>Op\u0161tina \u0106uprija, Republika Srbija<\/figcaption><\/figure><\/div>\n\n\n\n<p>\u0106uprija se nalazi izme\u0111u drumskog i \u017eeljezni\u010dkog magistralnog puta Beograd-Ni\u0161, 145 km udaljena od Beograda, odnosno 90 km od Ni\u0161a. Sam grad le\u017ei na u\u0161\u0107u dvije rijeke Ravanice i Velike Morave. \u0106uprija je gradsko naselje i sjedi\u0161te istoimene op\u0161tine u Pomoravskom okrugu. Prema popisu iz 2011. godine u \u0106upriji je bilo nastanjeno 19.471 stanovnika. U srednjem vijeku grad se zvao Ravno.<\/p>\n\n\n\n<hr class=\"wp-block-separator\"\/>\n\n\n\n<p><\/p>\n","protected":false},"excerpt":{"rendered":"<p>Doboj se mo\u017ee pohvaliti saradnjom i povezano\u0161\u0107u sa velikim brojem gradova i op\u0161tina, bez obzira da li se radi o inostranim ili doma\u0107im. Neke od tih veza su tokom vremena i formalizovane kroz bratimljenja i ugovore o saradnji. Celje Grad Celje je smje\u0161ten u sredi\u0161njem dijelu Slovenije, 70 km sjeveroisto\u010dno od prestonice Ljubljane. Celje je [&hellip;]<\/p>\n","protected":false},"author":1,"featured_media":0,"parent":91,"menu_order":6,"comment_status":"closed","ping_status":"closed","template":"","meta":{"footnotes":""},"yst_prominent_words":[],"class_list":["post-251","page","type-page","status-publish","hentry"],"_links":{"self":[{"href":"https:\/\/doboj.gov.ba\/bs\/wp-json\/wp\/v2\/pages\/251","targetHints":{"allow":["GET"]}}],"collection":[{"href":"https:\/\/doboj.gov.ba\/bs\/wp-json\/wp\/v2\/pages"}],"about":[{"href":"https:\/\/doboj.gov.ba\/bs\/wp-json\/wp\/v2\/types\/page"}],"author":[{"embeddable":true,"href":"https:\/\/doboj.gov.ba\/bs\/wp-json\/wp\/v2\/users\/1"}],"replies":[{"embeddable":true,"href":"https:\/\/doboj.gov.ba\/bs\/wp-json\/wp\/v2\/comments?post=251"}],"version-history":[{"count":10,"href":"https:\/\/doboj.gov.ba\/bs\/wp-json\/wp\/v2\/pages\/251\/revisions"}],"predecessor-version":[{"id":3544,"href":"https:\/\/doboj.gov.ba\/bs\/wp-json\/wp\/v2\/pages\/251\/revisions\/3544"}],"up":[{"embeddable":true,"href":"https:\/\/doboj.gov.ba\/bs\/wp-json\/wp\/v2\/pages\/91"}],"wp:attachment":[{"href":"https:\/\/doboj.gov.ba\/bs\/wp-json\/wp\/v2\/media?parent=251"}],"wp:term":[{"taxonomy":"yst_prominent_words","embeddable":true,"href":"https:\/\/doboj.gov.ba\/bs\/wp-json\/wp\/v2\/yst_prominent_words?post=251"}],"curies":[{"name":"wp","href":"https:\/\/api.w.org\/{rel}","templated":true}]}}