{"id":2755,"date":"2019-02-28T21:12:05","date_gmt":"2019-02-28T20:12:05","guid":{"rendered":"http:\/\/dobojskioglasi.com\/opstina\/?page_id=2755"},"modified":"2025-12-02T08:54:14","modified_gmt":"2025-12-02T07:54:14","slug":"odjeljenje-za-poljoprivredu","status":"publish","type":"page","link":"https:\/\/doboj.gov.ba\/bs\/grad\/uprava\/odjeljenja\/odjeljenje-za-poljoprivredu\/","title":{"rendered":"Odjeljenje za poljoprivredu"},"content":{"rendered":"\n<p>Odjeljenje za poljoprivredu u okviru svojih ovla\u0161tenja obavlja slede\u0107e poslove:<\/p>\n\n\n\n<ul class=\"wp-block-list\">\n<li>izvr\u0161ava zakone i podzakonske propise i op\u0161te akte u oblasti poljoprivrede, vodoprivrede i \u0161umarstva;<\/li>\n\n\n\n<li>koordinira rad sa drugim organizacionim dijelovima administrativne slu\u017ebe i nadle\u017enim dr\u017eavnim organima, organizacijama i institucijama u okviru djelokruga rada odjeljenja;<\/li>\n\n\n\n<li>vr\u0161i poslove vezane za razvoj poljoprivredne proizvodnje, za\u0161tite poljoprivrednog zemlji\u0161ta, sto\u010darstva, vo\u0107arstva, razvoja malih farmi, lova i ribolova;<\/li>\n\n\n\n<li>izra\u0111uje analize, informacije i izvje\u0161taje iz  oblasti poljoprivrede, vodoprivrede i \u0161umarstva;<\/li>\n\n\n\n<li>prati realizaciju planova i programa iz oblasti poljoprivrede, vodoprivrede, \u0161umarstva;<\/li>\n\n\n\n<li>vr\u0161i izradu planova i sprovodi programe vezane za podsticaje razvoja i unapre\u0111enja poljoprivredne proizvodnje, daje upute strankama i sa\u010dinjava analize i informacije iz te oblasti;<\/li>\n\n\n\n<li>prati programe protivgradne za\u0161tite i u\u010destvuje u izradi izvje\u0161taja vezanih za procjenu \u0161tete od elementarnih nepogoda,<\/li>\n\n\n\n<li>vodi upravni postupak, izradu rje\u0161enja iz oblasti poljoprivrede, vodoprivrednih saglasnosti i vodoprivrednih dozvola kao i izdavanje uvjerenja u skladu sa zakonom;<\/li>\n\n\n\n<li>vodi evidencije o nekretninama preuzetim od zemljoradni\u010dkih zadruga, provodi postupak davanja u zakup istih i sa\u010dinjava sve vrste izvje\u0161taja o tim nekretninama,<\/li>\n\n\n\n<li>obavlja druge poslove po nalogu Gradona\u010delnika, kao i poslove koji mu se posebnim aktom stave u nadle\u017enost.<\/li>\n<\/ul>\n\n\n\n<p>Rad Odjeljenja za poljoprivredu organizuje se u samom odjeljenju.<\/p>\n\n\n\n            <div class=\"widget shortcode-widget lsvr_person-featured-widget lsvr_person-featured-widget--shortcode\"><div class=\"widget__inner\"><h3 class=\"widget__title\">V.d. na\u010delnik odjeljenja<\/h3>\n<div class=\"widget__content lsvr_person-featured-widget__content\">\n\n\t\n\t\t<div class=\"lsvr_person-featured-widget__wrapper\">\n\n\t\t\t\n\t\t\t<h4 class=\"lsvr_person-featured-widget__title\">\n\t\t\t\t<a href=\"https:\/\/doboj.gov.ba\/bs\/licnosti\/aida-mujkanovic\/\" class=\"lsvr_person-featured-widget__title-link\">\n\t\t\t\t\tAida Mujkanovi\u0107\t\t\t\t<\/a>\n\t\t\t<\/h4>\n\n\t\t\t\n\t\t\t\t<p class=\"lsvr_person-featured-widget__subtitle\">\n\t\t\t\t\t v.d. na\u010delnik Odjeljenja za poljoprivredu\t\t\t\t<\/p>\n\n\t\t\t\n\t\t\t\n\t\t\t\n    \t\t\t    \t\t\t\n    \t\t\n\t\t<\/div>\n\n\t\t\n\t\n<\/div>\n\n<\/div><\/div>\n            \n\n\n<p><\/p>\n","protected":false},"excerpt":{"rendered":"<p>Odjeljenje za poljoprivredu u okviru svojih ovla\u0161tenja obavlja slede\u0107e poslove: Rad Odjeljenja za poljoprivredu organizuje se u samom odjeljenju.<\/p>\n","protected":false},"author":1,"featured_media":0,"parent":549,"menu_order":6,"comment_status":"closed","ping_status":"closed","template":"","meta":{"footnotes":""},"yst_prominent_words":[],"class_list":["post-2755","page","type-page","status-publish","hentry"],"_links":{"self":[{"href":"https:\/\/doboj.gov.ba\/bs\/wp-json\/wp\/v2\/pages\/2755","targetHints":{"allow":["GET"]}}],"collection":[{"href":"https:\/\/doboj.gov.ba\/bs\/wp-json\/wp\/v2\/pages"}],"about":[{"href":"https:\/\/doboj.gov.ba\/bs\/wp-json\/wp\/v2\/types\/page"}],"author":[{"embeddable":true,"href":"https:\/\/doboj.gov.ba\/bs\/wp-json\/wp\/v2\/users\/1"}],"replies":[{"embeddable":true,"href":"https:\/\/doboj.gov.ba\/bs\/wp-json\/wp\/v2\/comments?post=2755"}],"version-history":[{"count":4,"href":"https:\/\/doboj.gov.ba\/bs\/wp-json\/wp\/v2\/pages\/2755\/revisions"}],"predecessor-version":[{"id":21197,"href":"https:\/\/doboj.gov.ba\/bs\/wp-json\/wp\/v2\/pages\/2755\/revisions\/21197"}],"up":[{"embeddable":true,"href":"https:\/\/doboj.gov.ba\/bs\/wp-json\/wp\/v2\/pages\/549"}],"wp:attachment":[{"href":"https:\/\/doboj.gov.ba\/bs\/wp-json\/wp\/v2\/media?parent=2755"}],"wp:term":[{"taxonomy":"yst_prominent_words","embeddable":true,"href":"https:\/\/doboj.gov.ba\/bs\/wp-json\/wp\/v2\/yst_prominent_words?post=2755"}],"curies":[{"name":"wp","href":"https:\/\/api.w.org\/{rel}","templated":true}]}}