{"id":289,"date":"2019-01-05T19:14:16","date_gmt":"2019-01-05T18:14:16","guid":{"rendered":"http:\/\/dobojskioglasi.com\/opstina\/?page_id=289"},"modified":"2025-12-02T08:56:50","modified_gmt":"2025-12-02T07:56:50","slug":"kabinet","status":"publish","type":"page","link":"https:\/\/doboj.gov.ba\/bs\/grad\/gradonacelnik\/kabinet\/","title":{"rendered":"Kabinet gradona\u010delnika"},"content":{"rendered":"\n<p>Kabinet gradona\u010delnika grada Doboja se osniva kao posebna organizaciona jedinca u skladu sa \u010dlanom 63. Zakona o lokalnoj samoupravi (\u201eSlu\u017ebeni glasnik RS\u201c broj 97\/16) radi vr\u0161enja savjetodavnih, protokolarnih i administrativno tehni\u010dkih poslova Gradona\u010delnika.<\/p>\n\n\n\n<p>Kabinet gradona\u010delnika obavlja slede\u0107e poslove:<\/p>\n\n\n\n<ul class=\"wp-block-list\">\n<li> \u00ad    koordinira u radu sa drugim organima, organizacijama i institucijama u okviru ovla\u0161\u0107enja, uklju\u010duju\u0107i i me\u0111unarodnu saradnju u skladu sa instrukcijama Gradona\u010delnika,<\/li>\n\n\n\n<li> \u00ad    koordinaciju rada sa drugim organizacionim jedinicama u Gradskoj upravi, Skup\u0161tinom Grada i njenim radnim tijelima,<\/li>\n\n\n\n<li> \u00ad    poslove savjetnika Gradona\u010delnika, poslove protokola, poslove organizovanja prezentacije Grada u zemlji i inostranstvu,<\/li>\n\n\n\n<li> \u00ad    obezbje\u0111uje dokumentacionu osnovu i \u010duvanje informacija i podataka o aktivnostima organa Grada,<\/li>\n\n\n\n<li> \u00ad    poslove javnog obavje\u0161tavnja o aktivnostima organa Grada,<\/li>\n\n\n\n<li> \u00ad    poslove odnosa sa javno\u0161\u0107u,<\/li>\n\n\n\n<li> \u00ad    obezbje\u0111uje primjenu Zakona o slobodi pristupa informacijama u okviru svoga djelokruga rada,<\/li>\n\n\n\n<li> \u00ad    poslove pra\u0107enja realizacije Strategije razvoja Grada i drugih strate\u0161kih planova i programa <\/li>\n<\/ul>\n\n\n\n<ul class=\"wp-block-list\">\n<li>pru\u017eanja stru\u010dnih i administrativnih poslova za potrebe Gradona\u010delnika, kao i druge poslove koje mu Gradona\u010delnik stavi u djelokrug rada.<\/li>\n<\/ul>\n\n\n\n<p>\u0160ef Kabineta gradona\u010delnika: Darko Star\u010devi\u0107.<\/p>\n\n\n\n<p>Telefon: +387 53 242 200<\/p>\n\n\n\n<ul class=\"wp-block-list\">\n<li><strong>sef.kabineta@doboj.gov.ba<\/strong><\/li>\n\n\n\n<li><strong>+387 53 242 001<\/strong><\/li>\n<\/ul>\n","protected":false},"excerpt":{"rendered":"<p>Kabinet gradona\u010delnika grada Doboja se osniva kao posebna organizaciona jedinca u skladu sa \u010dlanom 63. Zakona o lokalnoj samoupravi (\u201eSlu\u017ebeni glasnik RS\u201c broj 97\/16) radi vr\u0161enja savjetodavnih, protokolarnih i administrativno tehni\u010dkih poslova Gradona\u010delnika. Kabinet gradona\u010delnika obavlja slede\u0107e poslove: \u0160ef Kabineta gradona\u010delnika: Darko Star\u010devi\u0107. Telefon: +387 53 242 200<\/p>\n","protected":false},"author":1,"featured_media":0,"parent":269,"menu_order":3,"comment_status":"closed","ping_status":"closed","template":"","meta":{"footnotes":""},"yst_prominent_words":[],"class_list":["post-289","page","type-page","status-publish","hentry"],"_links":{"self":[{"href":"https:\/\/doboj.gov.ba\/bs\/wp-json\/wp\/v2\/pages\/289","targetHints":{"allow":["GET"]}}],"collection":[{"href":"https:\/\/doboj.gov.ba\/bs\/wp-json\/wp\/v2\/pages"}],"about":[{"href":"https:\/\/doboj.gov.ba\/bs\/wp-json\/wp\/v2\/types\/page"}],"author":[{"embeddable":true,"href":"https:\/\/doboj.gov.ba\/bs\/wp-json\/wp\/v2\/users\/1"}],"replies":[{"embeddable":true,"href":"https:\/\/doboj.gov.ba\/bs\/wp-json\/wp\/v2\/comments?post=289"}],"version-history":[{"count":7,"href":"https:\/\/doboj.gov.ba\/bs\/wp-json\/wp\/v2\/pages\/289\/revisions"}],"predecessor-version":[{"id":21200,"href":"https:\/\/doboj.gov.ba\/bs\/wp-json\/wp\/v2\/pages\/289\/revisions\/21200"}],"up":[{"embeddable":true,"href":"https:\/\/doboj.gov.ba\/bs\/wp-json\/wp\/v2\/pages\/269"}],"wp:attachment":[{"href":"https:\/\/doboj.gov.ba\/bs\/wp-json\/wp\/v2\/media?parent=289"}],"wp:term":[{"taxonomy":"yst_prominent_words","embeddable":true,"href":"https:\/\/doboj.gov.ba\/bs\/wp-json\/wp\/v2\/yst_prominent_words?post=289"}],"curies":[{"name":"wp","href":"https:\/\/api.w.org\/{rel}","templated":true}]}}